{"id":352,"date":"2011-09-28T23:40:42","date_gmt":"2011-09-28T21:40:42","guid":{"rendered":"http:\/\/johnnierook.de\/cms\/?page_id=352"},"modified":"2012-10-09T20:41:07","modified_gmt":"2012-10-09T18:41:07","slug":"anleitung","status":"publish","type":"page","link":"https:\/\/johnnierook.de\/cms\/kaufhalle\/anleitung\/","title":{"rendered":"Anleitung"},"content":{"rendered":"<h1>So geht&#8217;s&#8230; Einkaufen mit Johnnie Rook<\/h1>\n<ol>\n<li>Sucht euch einfach was schickes aus, das euch gef\u00e4llt.<br \/>\nImmer dabei daran denken, dass es euch eure Freunde sicherlich \u00fcbel nehmen, wenn ihr denen nix mitbestellt \ud83d\ude09<\/li>\n<li>Dann schickt einfach ne unverbindliche Mail an <a href=\"mailto:merch@johnnierook.de\">merch@johnnierook.de<\/a> und sagt uns Bescheid, was ihr wie oft wollt und wo es hingehen soll.<\/li>\n<li>Jetzt wird es spannend, denn wir treten in Kontakt mit euch und sagen euch Bescheid, was das ganze inkl. Versand kosten w\u00fcrde und wohin ihr \u00fcberweisen sollt.<\/li>\n<li>Wenn euch unsere unverfrorenen Preise zu viel sind, sagt einfach, dass ihr es doch nicht haben wollt und das Thema ist erledigt.<\/li>\n<li>Ansonsten \u00fcberweist ihr das Geld und kurz darauf k\u00f6nnt ihr euch ordentlich kleiden und vor all euren Kumpels angeben (machen wir st\u00e4ndig \ud83d\ude09 ).<\/li>\n<\/ol>\n","protected":false},"excerpt":{"rendered":"<p>So geht&#8217;s&#8230; Einkaufen mit Johnnie Rook Sucht euch einfach was schickes aus, das euch gef\u00e4llt. Immer dabei daran denken, dass es euch eure Freunde sicherlich \u00fcbel nehmen, wenn ihr denen nix mitbestellt \ud83d\ude09 Dann schickt einfach ne unverbindliche Mail an &hellip; <a href=\"https:\/\/johnnierook.de\/cms\/kaufhalle\/anleitung\/\">Weiterlesen <span class=\"meta-nav\">&rarr;<\/span><\/a><\/p>\n","protected":false},"author":1,"featured_media":0,"parent":206,"menu_order":0,"comment_status":"closed","ping_status":"open","template":"","meta":[],"_links":{"self":[{"href":"https:\/\/johnnierook.de\/cms\/wp-json\/wp\/v2\/pages\/352"}],"collection":[{"href":"https:\/\/johnnierook.de\/cms\/wp-json\/wp\/v2\/pages"}],"about":[{"href":"https:\/\/johnnierook.de\/cms\/wp-json\/wp\/v2\/types\/page"}],"author":[{"embeddable":true,"href":"https:\/\/johnnierook.de\/cms\/wp-json\/wp\/v2\/users\/1"}],"replies":[{"embeddable":true,"href":"https:\/\/johnnierook.de\/cms\/wp-json\/wp\/v2\/comments?post=352"}],"version-history":[{"count":3,"href":"https:\/\/johnnierook.de\/cms\/wp-json\/wp\/v2\/pages\/352\/revisions"}],"predecessor-version":[{"id":917,"href":"https:\/\/johnnierook.de\/cms\/wp-json\/wp\/v2\/pages\/352\/revisions\/917"}],"up":[{"embeddable":true,"href":"https:\/\/johnnierook.de\/cms\/wp-json\/wp\/v2\/pages\/206"}],"wp:attachment":[{"href":"https:\/\/johnnierook.de\/cms\/wp-json\/wp\/v2\/media?parent=352"}],"curies":[{"name":"wp","href":"https:\/\/api.w.org\/{rel}","templated":true}]}}