{"id":334,"date":"2011-09-28T23:27:13","date_gmt":"2011-09-28T21:27:13","guid":{"rendered":"http:\/\/johnnierook.de\/cms\/?page_id=334"},"modified":"2015-10-07T20:46:48","modified_gmt":"2015-10-07T18:46:48","slug":"aktuelle-termine","status":"publish","type":"page","link":"https:\/\/johnnierook.de\/cms\/termine\/aktuelle-termine\/","title":{"rendered":"Aktuelle Termine"},"content":{"rendered":"<p>Liebe Veranstalter, werte Musikbegeisterte und Fans von Johnnie Rook!<\/p>\n<p align=\"justify\">Gerne k\u00f6nnt ihr uns f\u00fcr Konzerte aller Art anfragen unter: <a href=\"mailto:micha@johnnierook.de\">micha@johnnierook.de<\/a><br \/>\nWir freuen uns dr\u00fcber!<\/p>\n<div>\n<p class=\"gigpress-empty\">Leider stehen aktuell keine Termine an&#8230;<\/p><!-- Generated by GigPress 2.3.23 -->\n\t<\/div>\n","protected":false},"excerpt":{"rendered":"<p>Liebe Veranstalter, werte Musikbegeisterte und Fans von Johnnie Rook! Gerne k\u00f6nnt ihr uns f\u00fcr Konzerte aller Art anfragen unter: micha@johnnierook.de Wir freuen uns dr\u00fcber!<\/p>\n","protected":false},"author":1,"featured_media":0,"parent":196,"menu_order":0,"comment_status":"closed","ping_status":"open","template":"","meta":[],"_links":{"self":[{"href":"https:\/\/johnnierook.de\/cms\/wp-json\/wp\/v2\/pages\/334"}],"collection":[{"href":"https:\/\/johnnierook.de\/cms\/wp-json\/wp\/v2\/pages"}],"about":[{"href":"https:\/\/johnnierook.de\/cms\/wp-json\/wp\/v2\/types\/page"}],"author":[{"embeddable":true,"href":"https:\/\/johnnierook.de\/cms\/wp-json\/wp\/v2\/users\/1"}],"replies":[{"embeddable":true,"href":"https:\/\/johnnierook.de\/cms\/wp-json\/wp\/v2\/comments?post=334"}],"version-history":[{"count":17,"href":"https:\/\/johnnierook.de\/cms\/wp-json\/wp\/v2\/pages\/334\/revisions"}],"predecessor-version":[{"id":1016,"href":"https:\/\/johnnierook.de\/cms\/wp-json\/wp\/v2\/pages\/334\/revisions\/1016"}],"up":[{"embeddable":true,"href":"https:\/\/johnnierook.de\/cms\/wp-json\/wp\/v2\/pages\/196"}],"wp:attachment":[{"href":"https:\/\/johnnierook.de\/cms\/wp-json\/wp\/v2\/media?parent=334"}],"curies":[{"name":"wp","href":"https:\/\/api.w.org\/{rel}","templated":true}]}}