{"id":329,"date":"2011-09-28T23:22:28","date_gmt":"2011-09-28T21:22:28","guid":{"rendered":"http:\/\/johnnierook.de\/cms\/?page_id=329"},"modified":"2018-05-07T11:37:46","modified_gmt":"2018-05-07T09:37:46","slug":"johnnie-rook","status":"publish","type":"page","link":"https:\/\/johnnierook.de\/cms\/","title":{"rendered":"Johnnie Rook"},"content":{"rendered":"<p>&nbsp;<\/p>\n<p><a href=\"http:\/\/johnnierook.de\/cms\/wp-content\/uploads\/2015\/10\/johnnierook-polly_0.jpg\"><img decoding=\"async\" loading=\"lazy\" class=\"size-medium wp-image-1902 alignright\" title=\"Johnnie Rook Besetzung\" src=\"http:\/\/johnnierook.de\/cms\/wp-content\/uploads\/2015\/10\/johnnierook-polly_0-300x300.jpg\" alt=\"Johnnie Rook in aktueller Besetzung\" width=\"300\" height=\"300\" srcset=\"https:\/\/johnnierook.de\/cms\/wp-content\/uploads\/2015\/10\/johnnierook-polly_0-300x300.jpg 300w, https:\/\/johnnierook.de\/cms\/wp-content\/uploads\/2015\/10\/johnnierook-polly_0-150x150.jpg 150w, https:\/\/johnnierook.de\/cms\/wp-content\/uploads\/2015\/10\/johnnierook-polly_0.jpg 960w\" sizes=\"(max-width: 300px) 100vw, 300px\" \/><\/a><\/p>\n<p align=\"justify\">Mit ihrem unverkennbaren Mix aus Punkrock und melodi\u00f6sem Hardcore sorgt die Berliner Punkrockband Johnnie Rook stets f\u00fcr kraftvolle Songs mit Ohrwurmcharakter. Neben dem Songwriting ist die Band f\u00fcr ihre energiegeladene Liveperformance und den ausdrucksstarken weiblichen Hauptgesang bekannt.<\/p>\n<ul>\n<ul>\n<li><em>Meine Schuld<\/em> (2013)<br \/>\n<iframe width=\"100%\" height=\"166\" scrolling=\"no\" frameborder=\"no\" src=\"https:\/\/w.soundcloud.com\/player?url=http%3A%2F%2Fapi.soundcloud.com%2Ftracks%2F77373522&auto_play=false&show_comments=false&color=F00000&visual=true\"><\/iframe><\/li>\n<li><em>Kanonenfutter<\/em> feat. Gunnar von Dritte Wahl (2013)<br \/>\n<iframe width=\"100%\" height=\"166\" scrolling=\"no\" frameborder=\"no\" src=\"https:\/\/w.soundcloud.com\/player?url=http%3A%2F%2Fapi.soundcloud.com%2Ftracks%2F77373752&auto_play=false&show_comments=false&color=F00000&visual=true\"><\/iframe><\/li>\n<li><em>Gegen den Horizont<\/em> feat. Wick Bambix (2009)<br \/>\n<iframe width=\"100%\" height=\"450\" scrolling=\"no\" frameborder=\"no\" src=\"https:\/\/w.soundcloud.com\/player?url=http%3A%2F%2Fapi.soundcloud.com%2Ftracks%2F12486922&auto_play=false&show_comments=false&color=F00000&visual=true\"><\/iframe><\/li>\n<li><em>Herz statt Faust <\/em> (2009)<br \/>\n<iframe width=\"100%\" height=\"450\" scrolling=\"no\" frameborder=\"no\" src=\"https:\/\/w.soundcloud.com\/player?url=http%3A%2F%2Fapi.soundcloud.com%2Ftracks%2F12486672&auto_play=false&show_comments=false&color=F00000&visual=true\"><\/iframe><\/li>\n<\/ul>\n<\/ul>\n<p><a href=\"https:\/\/soundcloud.com\/johnnierook\" target=\"_blank\">mehr Songs anh\u00f6ren<\/a><\/p>\n<p><strong>Diskografie<\/strong><br \/>\n2005 &#8222;Trotzdem&#8220;<br \/>\n2007 &#8222;out of the nook&#8220;<br \/>\n2009 &#8222;Rabatz&#8220;<br \/>\n2010 Split LP mit den Ninja Dolls (SWE)<br \/>\n2011 &#8222;3:15 am&#8220; Split EP mit den Bambix (NED)<br \/>\n2013 Stimmungsger\u00e4t<\/p>\n<p><strong>Fakten<\/strong><br \/>\n&#8211; \u00fcber 350 Konzerte im In- und Ausland (\u00d6sterreich, Schweiz, Niederlande, Tschechien)<br \/>\n&#8211; Festivals (Force Attack, Sprit from the Streets, Punk im Pott, Radau am Stau, Baude Rock, Sarstedt Open Air, u.a.)<br \/>\n&#8211; 4 Studioalben, 2 Split LPs<br \/>\n&#8211; Support: Knorkator, Skeptiker, Bambix, ZSK, Rantanplan, Cor, Dritte Wahl, Deadline, Escapado, Fahnenflucht, Jingo De Lunch, The Meteors, Peter and the Test Tube Babies, Joachim Deutschland, Radio Havanna, Bonsai Kitten, Freygang, Die Wallerts, Alarmsignal, Skin of Tears, u.v.a.<br \/>\n&#8211; Zusammenarbeit mit den Ninja Dolls (Schweden) + Bambix (Niederlande)<br \/>\n&#8211; Zusammenarbeit mit Dritte Wahl, Gastgesang von Gunnar auf &#8222;Stimmungsger\u00e4t&#8220;<br \/>\n&#8211; diverse Samplerbeitr\u00e4ge, zuletzt Aggropunk III (2013)<\/p>\n<p><strong>Videos<\/strong><br \/>\n-Video zum Song <em>Wenn ich dein Geld h\u00e4tt&#8216;<\/em> vom Album <a title=\"H\u00f6rbar\" href=\"http:\/\/johnnierook.de\/cms\/kaufhalle\/horbar\/\">Stimmungsger\u00e4t<\/a><br \/>\n<span class=\"youtube\"><iframe loading=\"lazy\" title=\"YouTube video player\" class=\"youtube-player\" type=\"text\/html\" width=\"425\" height=\"344\" src=\"\/\/www.youtube.com\/embed\/mu1SRMLJz9o?wmode=transparent&amp;fs=1&amp;hl=en&amp;modestbranding=1&amp;iv_load_policy=3&amp;showsearch=0&amp;rel=1&amp;theme=dark\" frameborder=\"0\" allowfullscreen><\/iframe><\/span><br \/>\n-Video zum Song <em>Kanonenfutter<\/em> vom Album <a title=\"H\u00f6rbar\" href=\"http:\/\/johnnierook.de\/cms\/kaufhalle\/horbar\/\">Stimmungsger\u00e4t<\/a><br \/>\n<span class=\"youtube\"><iframe loading=\"lazy\" title=\"YouTube video player\" class=\"youtube-player\" type=\"text\/html\" width=\"425\" height=\"344\" src=\"\/\/www.youtube.com\/embed\/yZzmK-sUqTw?wmode=transparent&amp;fs=1&amp;hl=en&amp;modestbranding=1&amp;iv_load_policy=3&amp;showsearch=0&amp;rel=1&amp;theme=dark\" frameborder=\"0\" allowfullscreen><\/iframe><\/span><\/p>\n<p>mehr Videos auf <a href=\"http:\/\/www.youtube.com\/johnnierooknroll\" target=\"_blank\">youtube<\/a><\/p>\n<p><strong>Rezensionen (Auszug)<\/strong><br \/>\n&#8211; <strong>ROCKHARD<\/strong>: &#8222;Eine sirenenartige Stimme mit ganz viel Power und hohem Wiedererkennungswert und zahllose megafette Riffs mit Metal- bzw. Hardcore- Schlagseite, die sich in Null Komma Nichts in die Geh\u00f6rg\u00e4nge fr\u00e4sen.&#8220;<br \/>\n&#8211; <strong>Intro<\/strong>: &#8222;Entfesselter Punkrock mit dem Hardcore-Appeal der Emils und der poppunkigen Kompetenz von Gottkaiser und der hysterischen Metalfresse von Holy Moses. Mitunter ziemlich gut.&#8220;<br \/>\n&#8211; <strong>Slam<\/strong>: &#8222;So muss Punk sein. Und jetzt dr\u00fcck ich wieder auf &#8222;Play&#8220;.<br \/>\n&#8211; <strong>Legacy<\/strong>: &#8222;Endlich mal wieder ein richtig gutes Melodic Hardcore- bzw. Punk- Album mit deutschen Texten: So was gab es ja schon lange nicht mehr.&#8220;<br \/>\n&#8211; weitere Rezensionen <a href=\"http:\/\/www.facebook.com\/johnnierook\" target=\"_blank\">www.facebook.com\/johnnierook<\/a><\/p>\n","protected":false},"excerpt":{"rendered":"<p>&nbsp; Mit ihrem unverkennbaren Mix aus Punkrock und melodi\u00f6sem Hardcore sorgt die Berliner Punkrockband Johnnie Rook stets f\u00fcr kraftvolle Songs mit Ohrwurmcharakter. Neben dem Songwriting ist die Band f\u00fcr ihre energiegeladene Liveperformance und den ausdrucksstarken weiblichen Hauptgesang bekannt. Meine Schuld &hellip; <a href=\"https:\/\/johnnierook.de\/cms\/\">Weiterlesen <span class=\"meta-nav\">&rarr;<\/span><\/a><\/p>\n","protected":false},"author":1,"featured_media":0,"parent":0,"menu_order":0,"comment_status":"closed","ping_status":"closed","template":"sidebar-page.php","meta":[],"_links":{"self":[{"href":"https:\/\/johnnierook.de\/cms\/wp-json\/wp\/v2\/pages\/329"}],"collection":[{"href":"https:\/\/johnnierook.de\/cms\/wp-json\/wp\/v2\/pages"}],"about":[{"href":"https:\/\/johnnierook.de\/cms\/wp-json\/wp\/v2\/types\/page"}],"author":[{"embeddable":true,"href":"https:\/\/johnnierook.de\/cms\/wp-json\/wp\/v2\/users\/1"}],"replies":[{"embeddable":true,"href":"https:\/\/johnnierook.de\/cms\/wp-json\/wp\/v2\/comments?post=329"}],"version-history":[{"count":26,"href":"https:\/\/johnnierook.de\/cms\/wp-json\/wp\/v2\/pages\/329\/revisions"}],"predecessor-version":[{"id":1915,"href":"https:\/\/johnnierook.de\/cms\/wp-json\/wp\/v2\/pages\/329\/revisions\/1915"}],"wp:attachment":[{"href":"https:\/\/johnnierook.de\/cms\/wp-json\/wp\/v2\/media?parent=329"}],"curies":[{"name":"wp","href":"https:\/\/api.w.org\/{rel}","templated":true}]}}