{"id":163,"date":"2011-09-21T23:53:06","date_gmt":"2011-09-21T21:53:06","guid":{"rendered":"http:\/\/johnnierook.de\/cms\/?page_id=163"},"modified":"2019-08-07T23:03:18","modified_gmt":"2019-08-07T21:03:18","slug":"impressum","status":"publish","type":"page","link":"https:\/\/johnnierook.de\/cms\/impressum\/","title":{"rendered":"Impressum"},"content":{"rendered":"<p>Impressum<br \/>Roman Wache<br \/>Altes Rad 23<br \/>14469 Potsdam<br \/>E-Mail: roman@johnnierook.de<br \/>Internet: www.johnnierook.de<br \/>Inhaltlich Verantwortlicher gem\u00e4\u00df \u00a7 55 Abs. 2 RStV: Roman Wache (Anschrift wie oben)<br \/>Haftungshinweis: Trotz sorgf\u00e4ltiger inhaltlicher Kontrolle \u00fcbernehmen wir keine Haftung f\u00fcr die Inhalte externer Links. F\u00fcr den Inhalt der verlinkten Seiten sind ausschlie\u00dflich deren Betreiber verantwortlich.<\/p>\n\n\n<p><\/p>\n","protected":false},"excerpt":{"rendered":"<p>ImpressumRoman WacheAltes Rad 2314469 PotsdamE-Mail: roman@johnnierook.deInternet: www.johnnierook.deInhaltlich Verantwortlicher gem\u00e4\u00df \u00a7 55 Abs. 2 RStV: Roman Wache (Anschrift wie oben)Haftungshinweis: Trotz sorgf\u00e4ltiger inhaltlicher Kontrolle \u00fcbernehmen wir keine Haftung f\u00fcr die Inhalte externer Links. F\u00fcr den Inhalt der verlinkten Seiten sind ausschlie\u00dflich &hellip; <a href=\"https:\/\/johnnierook.de\/cms\/impressum\/\">Weiterlesen <span class=\"meta-nav\">&rarr;<\/span><\/a><\/p>\n","protected":false},"author":1,"featured_media":0,"parent":0,"menu_order":0,"comment_status":"closed","ping_status":"open","template":"","meta":[],"_links":{"self":[{"href":"https:\/\/johnnierook.de\/cms\/wp-json\/wp\/v2\/pages\/163"}],"collection":[{"href":"https:\/\/johnnierook.de\/cms\/wp-json\/wp\/v2\/pages"}],"about":[{"href":"https:\/\/johnnierook.de\/cms\/wp-json\/wp\/v2\/types\/page"}],"author":[{"embeddable":true,"href":"https:\/\/johnnierook.de\/cms\/wp-json\/wp\/v2\/users\/1"}],"replies":[{"embeddable":true,"href":"https:\/\/johnnierook.de\/cms\/wp-json\/wp\/v2\/comments?post=163"}],"version-history":[{"count":4,"href":"https:\/\/johnnierook.de\/cms\/wp-json\/wp\/v2\/pages\/163\/revisions"}],"predecessor-version":[{"id":1920,"href":"https:\/\/johnnierook.de\/cms\/wp-json\/wp\/v2\/pages\/163\/revisions\/1920"}],"wp:attachment":[{"href":"https:\/\/johnnierook.de\/cms\/wp-json\/wp\/v2\/media?parent=163"}],"curies":[{"name":"wp","href":"https:\/\/api.w.org\/{rel}","templated":true}]}}