{"id":1233,"date":"2013-04-06T14:14:17","date_gmt":"2013-04-06T12:14:17","guid":{"rendered":"http:\/\/johnnierook.de\/cms\/?page_id=1233"},"modified":"2013-04-06T14:14:17","modified_gmt":"2013-04-06T12:14:17","slug":"jubilaeumskonzert","status":"publish","type":"page","link":"https:\/\/johnnierook.de\/cms\/band\/jubilaeumskonzert\/","title":{"rendered":"10 Jahre Johnnie Rook- das Jubil\u00e4umskonzert"},"content":{"rendered":"<p><a href=\"http:\/\/johnnierook.de\/cms\/wp-content\/uploads\/2013\/03\/veranstaltung.jpg\"><img decoding=\"async\" loading=\"lazy\" src=\"http:\/\/johnnierook.de\/cms\/wp-content\/uploads\/2013\/03\/veranstaltung.jpg\" alt=\"\" title=\"veranstaltung\" width=\"851\" height=\"315\" class=\"aligncenter size-full wp-image-1215\" srcset=\"https:\/\/johnnierook.de\/cms\/wp-content\/uploads\/2013\/03\/veranstaltung.jpg 851w, https:\/\/johnnierook.de\/cms\/wp-content\/uploads\/2013\/03\/veranstaltung-300x111.jpg 300w, https:\/\/johnnierook.de\/cms\/wp-content\/uploads\/2013\/03\/veranstaltung-500x185.jpg 500w\" sizes=\"(max-width: 851px) 100vw, 851px\" \/><\/a><\/p>\n<p align=\"justify\">Die Band &#8222;Johnnie Rook&#8220; aus Berlin hat geschafft wovon viele Bands tr\u00e4umen. Ruhm und Ehre? Ausverkaufte Hallen? \u00c4hm, ja. Aber vor allem erstmal: Eine Band werden, einen Stil finden und zusammen bleiben.<br \/>\nEine Band zu werden war am Anfang f\u00fcr Johnnie Rook gar nicht so einfach. Zwei volle Jahre hat es gedauert bis sich 2003 eine geeignete S\u00e4ngerin fand. Der Gott des Rock &#8217;n&#8216; Roll pers\u00f6nlich muss da eingegriffen haben, denn dass sich Musiker in einer Stra\u00dfenbahn in einer Millionenstadt wie Berlin kennenlernen, kann kein Zufall gewesen sein. So warf der Rock &#8217;n&#8216; Roll Gott also Bandgr\u00fcnder Micha die S\u00e4ngerin Franziska vor die F\u00fc\u00dfe und die Geschichte nahm seinen Lauf.  Trotz aller Widrigkeiten, <a href=\"http:\/\/johnnierook.de\/cms\/wp-content\/uploads\/2013\/04\/2004.jpg\"><img decoding=\"async\" loading=\"lazy\" src=\"http:\/\/johnnierook.de\/cms\/wp-content\/uploads\/2013\/04\/2004-300x224.jpg\" alt=\"\" title=\"2004\" width=\"300\" height=\"224\" class=\"alignright size-medium wp-image-1243\" srcset=\"https:\/\/johnnierook.de\/cms\/wp-content\/uploads\/2013\/04\/2004-300x224.jpg 300w, https:\/\/johnnierook.de\/cms\/wp-content\/uploads\/2013\/04\/2004-401x300.jpg 401w, https:\/\/johnnierook.de\/cms\/wp-content\/uploads\/2013\/04\/2004.jpg 550w\" sizes=\"(max-width: 300px) 100vw, 300px\" \/><\/a> wie schlechter Wirtschaftslage, Band\u00fcberschuss und Genredokmen, haben sich Johnnie Rook durch kleine Clubs auf gr\u00f6\u00dfere Festivals gespielt und schlie\u00dflich 2013 f\u00fcr ihr viertes Studioalbum viel Lob in der breiten \u00d6ffentlichkeit und Presse erhalten. Zwischendurch haben sie auf Gras und B\u00fchnen geschlafen, sind mit kaputten Bussen gefahren, oder mit dem Rad, haben auf ihre Gage verzichtet oder sind um diese geprellt worden. Daf\u00fcr d\u00fcrften Johnnie Rook allerdings ihre Lieblingsbands supporten und mit ihnen Platten machen. Ein Punkt, der den Zusammenhalt und das Durchhalteverm\u00f6gen der Band sicher erkl\u00e4rt.<br \/>\n<a href=\"http:\/\/johnnierook.de\/cms\/wp-content\/uploads\/2013\/04\/cover.jpg\"><img decoding=\"async\" loading=\"lazy\" src=\"http:\/\/johnnierook.de\/cms\/wp-content\/uploads\/2013\/04\/cover-300x300.jpg\" alt=\"\" title=\"cover\" width=\"300\" height=\"300\" class=\"alignleft size-medium wp-image-1239\" srcset=\"https:\/\/johnnierook.de\/cms\/wp-content\/uploads\/2013\/04\/cover-300x300.jpg 300w, https:\/\/johnnierook.de\/cms\/wp-content\/uploads\/2013\/04\/cover-150x150.jpg 150w, https:\/\/johnnierook.de\/cms\/wp-content\/uploads\/2013\/04\/cover.jpg 1024w\" sizes=\"(max-width: 300px) 100vw, 300px\" \/><\/a> Im Mai 2013 steht nun <strong>die Party des Jahres f\u00fcr Band und Fans<\/strong> an. 10 Jahre Johnnie Rook. 10 Jahre Punkrock. Von Anfang an hatten Johnnie Rook einen eigenen Stil, etwas Unverkennbares, dass man nicht wirklich beschreiben kann, aber man h\u00f6rt sofort, dass es sich um einen Johnnie Rook- Song handelt. Punkrock und Hardcore sind die musikalischen Pfeiler der Band und Aush\u00e4ngeschild ist zweifelsfrei der weibliche Hauptgesang, sowie die energiegeladene Liveshow. Und genau diese erwartet die Besucher des Konzertes, sowie ein ganz besonderes Set der Band, in dem sich alte Klassiker und neue Ohrw\u00fcrmer vereinen. Zudem haben sich Johnnie Rook ihre Freunde von Zaunpfahl, Skin of Tears, Nordwand und die Wallerts als Unterst\u00fctzung eingeladen. F\u00fcr Fans von Punkrock und der etwas h\u00e4rteren Musik ein absolutes Muss. F\u00fcr Fans der Bands sowieso. <\/p>\n<p>Location: K17<br \/>\nDatum: 10.05.2013<br \/>\nBands: Johnnie Rook, Zaunpfahl, Skin of Tears, Nordwand, Wallerts<br \/>\nEinlass: 18 Uhr<br \/>\nEintritt: 13 \u20ac (VVK 12 \u20ac)<\/p>\n","protected":false},"excerpt":{"rendered":"<p>Die Band &#8222;Johnnie Rook&#8220; aus Berlin hat geschafft wovon viele Bands tr\u00e4umen. Ruhm und Ehre? Ausverkaufte Hallen? \u00c4hm, ja. Aber vor allem erstmal: Eine Band werden, einen Stil finden und zusammen bleiben. Eine Band zu werden war am Anfang f\u00fcr &hellip; <a href=\"https:\/\/johnnierook.de\/cms\/band\/jubilaeumskonzert\/\">Weiterlesen <span class=\"meta-nav\">&rarr;<\/span><\/a><\/p>\n","protected":false},"author":2,"featured_media":0,"parent":97,"menu_order":0,"comment_status":"open","ping_status":"open","template":"","meta":[],"_links":{"self":[{"href":"https:\/\/johnnierook.de\/cms\/wp-json\/wp\/v2\/pages\/1233"}],"collection":[{"href":"https:\/\/johnnierook.de\/cms\/wp-json\/wp\/v2\/pages"}],"about":[{"href":"https:\/\/johnnierook.de\/cms\/wp-json\/wp\/v2\/types\/page"}],"author":[{"embeddable":true,"href":"https:\/\/johnnierook.de\/cms\/wp-json\/wp\/v2\/users\/2"}],"replies":[{"embeddable":true,"href":"https:\/\/johnnierook.de\/cms\/wp-json\/wp\/v2\/comments?post=1233"}],"version-history":[{"count":15,"href":"https:\/\/johnnierook.de\/cms\/wp-json\/wp\/v2\/pages\/1233\/revisions"}],"predecessor-version":[{"id":1668,"href":"https:\/\/johnnierook.de\/cms\/wp-json\/wp\/v2\/pages\/1233\/revisions\/1668"}],"up":[{"embeddable":true,"href":"https:\/\/johnnierook.de\/cms\/wp-json\/wp\/v2\/pages\/97"}],"wp:attachment":[{"href":"https:\/\/johnnierook.de\/cms\/wp-json\/wp\/v2\/media?parent=1233"}],"curies":[{"name":"wp","href":"https:\/\/api.w.org\/{rel}","templated":true}]}}